{"id":10959,"date":"2023-05-19T00:10:52","date_gmt":"2023-05-19T04:10:52","guid":{"rendered":"https:\/\/darklightpc.cl\/?post_type=product&#038;p=10959"},"modified":"2025-01-24T12:53:21","modified_gmt":"2025-01-24T15:53:21","slug":"logitech-g733-lightspeed-wireless-rgb-gaming-headset-purple","status":"publish","type":"product","link":"http:\/\/darklightpc.cl\/en\/product\/logitech-g733-lightspeed-wireless-rgb-gaming-headset-purple\/","title":{"rendered":"Logitech G733 Lightspeed Wireless RGB Gaming Headset Purple"},"content":{"rendered":"<h4 class=\"specs-heading\">Dimensiones<\/h4>\n<div class=\"specs-column\">\n<div class=\"specs-group\">\n<div class=\"specs-block\">\n<h5 class=\"specs-title\">ESPECIFICACIONES F\u00cdSICAS<\/h5>\n<ul class=\"specs-description-list\">\n<li><strong>Longitud<\/strong>: 194 mm<\/li>\n<li><strong>Ancho<\/strong>: 190 mm<\/li>\n<li><strong>Profundidad<\/strong>: 83 mm<\/li>\n<li><strong>Peso<\/strong>: 278 g<\/li>\n<\/ul>\n<\/div>\n<\/div>\n<\/div>\n<h4 class=\"specs-heading\">Especificaciones t\u00e9cnicas<\/h4>\n<div class=\"specs-column\">\n<div class=\"specs-group\">\n<div class=\"specs-block\">\n<h5 class=\"specs-title\">Aud\u00edfono<\/h5>\n<ul class=\"specs-description-list\">\n<li><strong>Transductor<\/strong>: PRO-G 40 mm<\/li>\n<li><strong>Respuesta de frecuencia<\/strong>: 20 Hz &#8211; 20 kHz<\/li>\n<li><strong>Impedancia<\/strong>: 39 ohmios (pasiva), 5\u00a0kilohmios (activa)<\/li>\n<li><strong>Sensibilidad<\/strong>: 87,5 dB SPL\/mW<\/li>\n<\/ul>\n<\/div>\n<div class=\"specs-block\">\n<h5 class=\"specs-title\">Micr\u00f3fono (varilla)<\/h5>\n<ul class=\"specs-description-list\">\n<li><strong>Patr\u00f3n de captaci\u00f3n de micr\u00f3fono<\/strong>: Cardioide (unidireccional)<\/li>\n<li><strong>Tama\u00f1o<\/strong>: 6 mm<\/li>\n<li><strong>Respuesta de frecuencia<\/strong>: 100 Hz-10 KHz<\/li>\n<li><strong>Radio de acci\u00f3n inal\u00e1mbrico<\/strong>: Hasta 20 m <a class=\"note note-tooltip js-note-tooltip\"><sup>1<\/sup><span class=\"visually-hidden\">Depende del uso y de los dispositivos. La duraci\u00f3n de la bater\u00eda se basa en un volumen de aud\u00edfonos configurado en 50%.<\/span><\/a><\/li>\n<li><strong>Tipo de conexi\u00f3n<\/strong>: Tecnolog\u00eda inal\u00e1mbrica LIGHTSPEED a trav\u00e9s de USB<\/li>\n<\/ul>\n<\/div>\n<div class=\"specs-block\">\n<h5 class=\"specs-title\">Duraci\u00f3n de la bater\u00eda (recargable)<\/h5>\n<ul class=\"specs-description-list\">\n<li><strong>Sin iluminaci\u00f3n<\/strong>: 29 h<\/li>\n<li><strong>Iluminaci\u00f3n predeterminada<\/strong>: 20\u00a0horas<\/li>\n<\/ul>\n<\/div>\n<\/div>\n<\/div>\n<ul>\n<li>SB 2.0<\/li>\n<\/ul>","protected":false},"excerpt":{"rendered":"<p>Dimensiones ESPECIFICACIONES F\u00cdSICAS Longitud: 194 mm Ancho: 190 mm Profundidad: 83 mm Peso: 278 g Especificaciones t\u00e9cnicas Aud\u00edfono Transductor: PRO-G<\/p>","protected":false},"featured_media":10964,"template":"","meta":[],"product_brand":[],"product_cat":[108,105],"product_tag":[],"class_list":{"0":"post-10959","1":"product","2":"type-product","3":"status-publish","4":"has-post-thumbnail","6":"product_cat-audifonos","7":"product_cat-perifericos","9":"first","10":"outofstock","11":"sale","12":"shipping-taxable","13":"purchasable","14":"product-type-simple"},"_links":{"self":[{"href":"http:\/\/darklightpc.cl\/en\/wp-json\/wp\/v2\/product\/10959","targetHints":{"allow":["GET"]}}],"collection":[{"href":"http:\/\/darklightpc.cl\/en\/wp-json\/wp\/v2\/product"}],"about":[{"href":"http:\/\/darklightpc.cl\/en\/wp-json\/wp\/v2\/types\/product"}],"wp:featuredmedia":[{"embeddable":true,"href":"http:\/\/darklightpc.cl\/en\/wp-json\/wp\/v2\/media\/10964"}],"wp:attachment":[{"href":"http:\/\/darklightpc.cl\/en\/wp-json\/wp\/v2\/media?parent=10959"}],"wp:term":[{"taxonomy":"product_brand","embeddable":true,"href":"http:\/\/darklightpc.cl\/en\/wp-json\/wp\/v2\/product_brand?post=10959"},{"taxonomy":"product_cat","embeddable":true,"href":"http:\/\/darklightpc.cl\/en\/wp-json\/wp\/v2\/product_cat?post=10959"},{"taxonomy":"product_tag","embeddable":true,"href":"http:\/\/darklightpc.cl\/en\/wp-json\/wp\/v2\/product_tag?post=10959"}],"curies":[{"name":"wp","href":"https:\/\/api.w.org\/{rel}","templated":true}]}}