{"id":17009,"date":"2025-06-11T19:31:31","date_gmt":"2025-06-11T23:31:31","guid":{"rendered":"https:\/\/darklightpc.cl\/?post_type=product&#038;p=17009"},"modified":"2025-06-26T19:57:07","modified_gmt":"2025-06-26T23:57:07","slug":"cooler-master-masterfan-mf120-s2","status":"publish","type":"product","link":"http:\/\/darklightpc.cl\/en\/product\/cooler-master-masterfan-mf120-s2\/","title":{"rendered":"Cooler Master MasterFan MF120 S2"},"content":{"rendered":"<div class=\"panel-content-wrapper\">\n<div class=\"cmp-accordion__panel cmp-accordion__panel--hidden panel-content\" role=\"region\" data-cmp-hook-accordion=\"panel\" aria-hidden=\"false\" aria-label=\"Especificaciones y detalles\">\n<div class=\"text-aem\">\n<div id=\"item_0\" class=\"body-copy aem-margin-options\">\n<div class=\"content-ctn aem-content-ctn rte-field\">\n<div class=\"aem-padding-options\" data-aem-id=\"buy-g203-lightsync-rgb-gaming-mouse-padding-options\">\n<div class=\"ProductPageDark_product_specs__Fw8eb\">\n<div class=\"col-12\">\n<h3>Caracter\u00edsticas<\/h3>\n<dl>\n<dt>Tama\u00f1o: 120 mm.<\/dt>\n<dt>Iluminaci\u00f3n: ARGB \/ Rainbow<\/dt>\n<dt>Bearing: Rifle Bearing<\/dt>\n<dt>Flujo de aire: 32 CFM<\/dt>\n<dt>RPM: 1200 RPM<\/dt>\n<dt>Nivel de ruido: 15 dB<\/dt>\n<dt>Presi\u00f3n est\u00e1tica: 0.6 mm H<sub>2<\/sub>0<\/dt>\n<dt>Ventiladores incluidos: 1<\/dt>\n<dt>\u00bfIncluye hub?: No<\/dt>\n<dt>Conexiones de poder disponibles: 3 pin<\/dt>\n<dt>Control de iluminaci\u00f3n: Conector ARGB 3 pin \/ 5V<\/dt>\n<\/dl>\n<\/div>\n<\/div>\n<\/div>\n<\/div>\n<\/div>\n<\/div>\n<\/div>\n<\/div>","protected":false},"excerpt":{"rendered":"<p>Caracter\u00edsticas Tama\u00f1o: 120 mm. Iluminaci\u00f3n: ARGB \/ Rainbow Bearing: Rifle Bearing Flujo de aire: 32 CFM RPM: 1200 RPM Nivel<\/p>","protected":false},"featured_media":17010,"template":"","meta":[],"product_brand":[],"product_cat":[105],"product_tag":[],"class_list":{"0":"post-17009","1":"product","2":"type-product","3":"status-publish","4":"has-post-thumbnail","6":"product_cat-perifericos","8":"first","9":"instock","10":"shipping-taxable","11":"purchasable","12":"product-type-simple"},"_links":{"self":[{"href":"http:\/\/darklightpc.cl\/en\/wp-json\/wp\/v2\/product\/17009","targetHints":{"allow":["GET"]}}],"collection":[{"href":"http:\/\/darklightpc.cl\/en\/wp-json\/wp\/v2\/product"}],"about":[{"href":"http:\/\/darklightpc.cl\/en\/wp-json\/wp\/v2\/types\/product"}],"wp:featuredmedia":[{"embeddable":true,"href":"http:\/\/darklightpc.cl\/en\/wp-json\/wp\/v2\/media\/17010"}],"wp:attachment":[{"href":"http:\/\/darklightpc.cl\/en\/wp-json\/wp\/v2\/media?parent=17009"}],"wp:term":[{"taxonomy":"product_brand","embeddable":true,"href":"http:\/\/darklightpc.cl\/en\/wp-json\/wp\/v2\/product_brand?post=17009"},{"taxonomy":"product_cat","embeddable":true,"href":"http:\/\/darklightpc.cl\/en\/wp-json\/wp\/v2\/product_cat?post=17009"},{"taxonomy":"product_tag","embeddable":true,"href":"http:\/\/darklightpc.cl\/en\/wp-json\/wp\/v2\/product_tag?post=17009"}],"curies":[{"name":"wp","href":"https:\/\/api.w.org\/{rel}","templated":true}]}}