{"id":18372,"date":"2025-12-15T17:30:16","date_gmt":"2025-12-15T20:30:16","guid":{"rendered":"https:\/\/darklightpc.cl\/?post_type=product&#038;p=18372"},"modified":"2025-12-15T17:33:52","modified_gmt":"2025-12-15T20:33:52","slug":"abono-50-mega-meganium-ex-box-ingles","status":"publish","type":"product","link":"http:\/\/darklightpc.cl\/en\/product\/abono-50-mega-meganium-ex-box-ingles\/","title":{"rendered":"\u00abAbono 50%\u00bb Mega Meganium ex Box &#8211; Ingl\u00e9s"},"content":{"rendered":"<div id=\"product-description-short-513\">\n<p><strong>CONTENIDO<\/strong><\/p>\n<ul>\n<li>1 Carta promo hologr\u00e1fica de Mega-Meganium ex.<\/li>\n<li>1 Carta promo lenticular jumbo de Mega-Meganium ex.<\/li>\n<li>4 Sobres de refuerzo de Ascended Heroes.<\/li>\n<\/ul>\n<p>&nbsp;<\/p>\n<p>Este producto est\u00e1 disponible en <strong data-start=\"1055\" data-end=\"1067\">RESERVA<\/strong>. Est\u00e1s comprando un abono del 50% del valor total del Mega Meganium ex Box &#8211; Ingl\u00e9s. Tendr\u00e1s hasta <strong>5\u00a0d\u00edas <\/strong>luego del lanzamiento oficial de la edici\u00f3n para hacer el pago del 50% restante del valor total ($29.990), es decir deber\u00e1s pagar los $14.995. Este abono es solo para asegurar stock y corresponde a un compromiso de pago.<\/p>\n<p>&nbsp;<\/p>\n<p><em><strong>Este valor abonado, no es reembolsable ni se puede dejar como cr\u00e9dito en tienda, cualquier duda consultarnos directamente.<\/strong><\/em><\/p>\n<p>La fecha de\u00a0<strong>LANZAMIENTO<\/strong> es el <strong>24 de ABRIL 2026<\/strong>, la fecha de llegada puede variar dependiendo de cambios o retrasos del distribuidor.<\/p>\n<\/div>","protected":false},"excerpt":{"rendered":"<p>CONTENIDO 1 Carta promo hologr\u00e1fica de Mega-Meganium ex. 1 Carta promo lenticular jumbo de Mega-Meganium ex. 4 Sobres de refuerzo<\/p>","protected":false},"featured_media":18373,"template":"","meta":[],"product_brand":[],"product_cat":[127,115],"product_tag":[],"class_list":{"0":"post-18372","1":"product","2":"type-product","3":"status-publish","4":"has-post-thumbnail","6":"product_cat-preventas","7":"product_cat-tcg","9":"first","10":"instock","11":"shipping-taxable","12":"purchasable","13":"product-type-simple"},"_links":{"self":[{"href":"http:\/\/darklightpc.cl\/en\/wp-json\/wp\/v2\/product\/18372","targetHints":{"allow":["GET"]}}],"collection":[{"href":"http:\/\/darklightpc.cl\/en\/wp-json\/wp\/v2\/product"}],"about":[{"href":"http:\/\/darklightpc.cl\/en\/wp-json\/wp\/v2\/types\/product"}],"wp:featuredmedia":[{"embeddable":true,"href":"http:\/\/darklightpc.cl\/en\/wp-json\/wp\/v2\/media\/18373"}],"wp:attachment":[{"href":"http:\/\/darklightpc.cl\/en\/wp-json\/wp\/v2\/media?parent=18372"}],"wp:term":[{"taxonomy":"product_brand","embeddable":true,"href":"http:\/\/darklightpc.cl\/en\/wp-json\/wp\/v2\/product_brand?post=18372"},{"taxonomy":"product_cat","embeddable":true,"href":"http:\/\/darklightpc.cl\/en\/wp-json\/wp\/v2\/product_cat?post=18372"},{"taxonomy":"product_tag","embeddable":true,"href":"http:\/\/darklightpc.cl\/en\/wp-json\/wp\/v2\/product_tag?post=18372"}],"curies":[{"name":"wp","href":"https:\/\/api.w.org\/{rel}","templated":true}]}}