{"id":9582,"date":"2022-10-11T18:34:22","date_gmt":"2022-10-11T21:34:22","guid":{"rendered":"https:\/\/darklightpc.cl\/?post_type=product&#038;p=9582"},"modified":"2023-07-13T19:16:07","modified_gmt":"2023-07-13T23:16:07","slug":"fantech-hg20-chief-ii-sakura-edition","status":"publish","type":"product","link":"http:\/\/darklightpc.cl\/en\/product\/fantech-hg20-chief-ii-sakura-edition\/","title":{"rendered":"HG20 Chief II Sakura Edition"},"content":{"rendered":"<ul>\n<li>Dise\u00f1o ultraligero<\/li>\n<li>Cable de durabilidad extendida<\/li>\n<li>Control del volumen<\/li>\n<li>Micr\u00f3fono con cancelaci\u00f3n de ruido<\/li>\n<li>Especificaciones t\u00e9cnicas<\/li>\n<li>Unidad de controlador 50 mm<\/li>\n<li>Respuesta de frecuencia 20-20 khz<\/li>\n<li>Sensibilidad del altavoz 121 3db<\/li>\n<li>Sensibilidad del micr\u00f3fono-38 + 2db<\/li>\n<li>Directividad omnidireccional<\/li>\n<li>Longitud del cable 2 m<\/li>\n<li>Voltaje 5v<\/li>\n<li>Potencia de salida 20 mw<\/li>\n<li>Tipo de enchufe usb + 3,5 mm<\/li>\n<\/ul>","protected":false},"excerpt":{"rendered":"<p>Dise\u00f1o ultraligero Cable de durabilidad extendida Control del volumen Micr\u00f3fono con cancelaci\u00f3n de ruido Especificaciones t\u00e9cnicas Unidad de controlador 50<\/p>","protected":false},"featured_media":9631,"template":"","meta":[],"product_brand":[],"product_cat":[108,105],"product_tag":[],"class_list":{"0":"post-9582","1":"product","2":"type-product","3":"status-publish","4":"has-post-thumbnail","6":"product_cat-audifonos","7":"product_cat-perifericos","9":"first","10":"outofstock","11":"sale","12":"shipping-taxable","13":"purchasable","14":"product-type-simple"},"_links":{"self":[{"href":"http:\/\/darklightpc.cl\/en\/wp-json\/wp\/v2\/product\/9582","targetHints":{"allow":["GET"]}}],"collection":[{"href":"http:\/\/darklightpc.cl\/en\/wp-json\/wp\/v2\/product"}],"about":[{"href":"http:\/\/darklightpc.cl\/en\/wp-json\/wp\/v2\/types\/product"}],"wp:featuredmedia":[{"embeddable":true,"href":"http:\/\/darklightpc.cl\/en\/wp-json\/wp\/v2\/media\/9631"}],"wp:attachment":[{"href":"http:\/\/darklightpc.cl\/en\/wp-json\/wp\/v2\/media?parent=9582"}],"wp:term":[{"taxonomy":"product_brand","embeddable":true,"href":"http:\/\/darklightpc.cl\/en\/wp-json\/wp\/v2\/product_brand?post=9582"},{"taxonomy":"product_cat","embeddable":true,"href":"http:\/\/darklightpc.cl\/en\/wp-json\/wp\/v2\/product_cat?post=9582"},{"taxonomy":"product_tag","embeddable":true,"href":"http:\/\/darklightpc.cl\/en\/wp-json\/wp\/v2\/product_tag?post=9582"}],"curies":[{"name":"wp","href":"https:\/\/api.w.org\/{rel}","templated":true}]}}