{"id":10252,"date":"2023-02-13T21:22:25","date_gmt":"2023-02-14T00:22:25","guid":{"rendered":"https:\/\/darklightpc.cl\/?post_type=product&#038;p=10252"},"modified":"2023-03-12T12:23:29","modified_gmt":"2023-03-12T15:23:29","slug":"fantech-cg75-rgb-black","status":"publish","type":"product","link":"https:\/\/darklightpc.cl\/en\/product\/fantech-cg75-rgb-black\/","title":{"rendered":"Fantech CG75 RGB &#8211; Black"},"content":{"rendered":"<div class=\"field__label\">\n<div class=\"col-12 col-md-6\">\n<dl>\n<dt>\n<div class=\"ProductPage_product_specs__bOxSw\">\n<div class=\"ProductPageDark_product_specs__REYoz\">\n<div class=\"ProductPageDark_product_specs__REYoz\">\n<div class=\"ProductPageDark_product_specs__REYoz\">\n<div class=\"col-12 col-md-6 col-xl-4\">\n<h3>Caracter\u00edsticas<\/h3>\n<dl>\n<dt>Fabricante: Fantech<\/dt>\n<dt>Tama\u00f1o m\u00e1ximo de placa madre: ATX<\/dt>\n<dt>Fuente de poder: No posee<\/dt>\n<dt>Panel lateral: Vidrio templado<\/dt>\n<dt>Color: Gris Oscuro<\/dt>\n<dt>Iluminaci\u00f3n: RGB Programable (ARGB \/ 3-pin \/ 5V)<\/dt>\n<dt>Tama\u00f1o: Desconocido<\/dt>\n<dt>Largo m\u00e1ximo de tarjeta de video: 300 mm<\/dt>\n<dt>Alto m\u00e1ximo de cooler: 155 mm<\/dt>\n<\/dl>\n<\/div>\n<div class=\"col-12 col-md-6 col-xl-4\">\n<h3>Especificaciones secundarias<\/h3>\n<dl>\n<dt>Ubicaci\u00f3n de la PSU: Inferior<\/dt>\n<dt>Slots de expansi\u00f3n: 7<\/dt>\n<dt>Puertos: 2x USB 2.0<\/dt>\n<dt>\u00a0\u00a0\u00a0\u00a0\u00a0\u00a0\u00a0\u00a0\u00a0\u00a0\u00a0\u00a0\u00a0\u00a0\u00a0 1x USB 3.1 Gen 1 (USB 3.0)<\/dt>\n<dt>Bah\u00edas<\/dt>\n<\/dl>\n<ul>\n<li><i>5\u00bc externas:<\/i> 0<\/li>\n<li><i>3\u00bd externas:<\/i> 0<\/li>\n<li><i>3\u00bd internas:<\/i> 1<\/li>\n<li><i>2\u00bd internas:<\/i> 3<\/li>\n<\/ul>\n<\/div>\n<div class=\"col-12 col-md-6 col-xl-4\">\n<h3>Ventilaci\u00f3n<\/h3>\n<dl>\n<dt>Espacios para vent. frontales: 3 x 120 mm<\/dt>\n<dt>Espacios para vent. traseros: 1 x 120 mm<\/dt>\n<dt>Espacios para vent. laterales: No posee<\/dt>\n<dt>Espacios para vent. superiores: 2 x 120 mm<\/dt>\n<dt>Espacios para vent. inferiores: No posee<\/dt>\n<dt>Ventiladores incluidos: No posee<\/dt>\n<\/dl>\n<\/div>\n<\/div>\n<\/div>\n<\/div>\n<\/div>\n<\/dt>\n<\/dl>\n<\/div>\n<\/div>","protected":false},"excerpt":{"rendered":"<p>Caracter\u00edsticas Fabricante: Fantech Tama\u00f1o m\u00e1ximo de placa madre: ATX Fuente de poder: No posee Panel lateral: Vidrio templado Color: Gris<\/p>","protected":false},"featured_media":10253,"template":"","meta":[],"product_brand":[],"product_cat":[79,112],"product_tag":[],"class_list":{"0":"post-10252","1":"product","2":"type-product","3":"status-publish","4":"has-post-thumbnail","6":"product_cat-componentes","7":"product_cat-gabinete","9":"first","10":"outofstock","11":"sale","12":"shipping-taxable","13":"purchasable","14":"product-type-simple"},"_links":{"self":[{"href":"https:\/\/darklightpc.cl\/en\/wp-json\/wp\/v2\/product\/10252","targetHints":{"allow":["GET"]}}],"collection":[{"href":"https:\/\/darklightpc.cl\/en\/wp-json\/wp\/v2\/product"}],"about":[{"href":"https:\/\/darklightpc.cl\/en\/wp-json\/wp\/v2\/types\/product"}],"wp:featuredmedia":[{"embeddable":true,"href":"https:\/\/darklightpc.cl\/en\/wp-json\/wp\/v2\/media\/10253"}],"wp:attachment":[{"href":"https:\/\/darklightpc.cl\/en\/wp-json\/wp\/v2\/media?parent=10252"}],"wp:term":[{"taxonomy":"product_brand","embeddable":true,"href":"https:\/\/darklightpc.cl\/en\/wp-json\/wp\/v2\/product_brand?post=10252"},{"taxonomy":"product_cat","embeddable":true,"href":"https:\/\/darklightpc.cl\/en\/wp-json\/wp\/v2\/product_cat?post=10252"},{"taxonomy":"product_tag","embeddable":true,"href":"https:\/\/darklightpc.cl\/en\/wp-json\/wp\/v2\/product_tag?post=10252"}],"curies":[{"name":"wp","href":"https:\/\/api.w.org\/{rel}","templated":true}]}}