{"id":13128,"date":"2023-12-01T02:08:44","date_gmt":"2023-12-01T05:08:44","guid":{"rendered":"https:\/\/darklightpc.cl\/?post_type=product&#038;p=13128"},"modified":"2024-12-15T21:33:21","modified_gmt":"2024-12-16T00:33:21","slug":"amd-ryzen-5-7600x-2","status":"publish","type":"product","link":"https:\/\/darklightpc.cl\/en\/product\/amd-ryzen-5-7600x-2\/","title":{"rendered":"AMD Ryzen\u2122 5 7600"},"content":{"rendered":"<div class=\"field__label\">\n<div class=\"col-12 col-md-6\">\n<dl>\n<dt>\n<div class=\"ProductPage_product_specs__bOxSw\">\n<div class=\"col-12 col-md-6\">\n<div class=\"ProductPageDark_product_specs__REYoz\">\n<div class=\"col-12 col-md-6\">\n<div class=\"ProductPageDark_product_specs__REYoz\">\n<div class=\"col-12 col-md-6\">\n<h3>Caracter\u00edsticas<\/h3>\n<dl>\n<dt>Frecuencia 3800 MHz<\/dt>\n<dt>Frecuencia turbo m\u00e1xima 5100 MHz<\/dt>\n<dt>N\u00facleos \/ hilos 6 n\u00facleos \/ 12 hilos<\/dt>\n<dt>Cach\u00e9 6 x 1MB L2 \/ 32MB L3<\/dt>\n<dt>Socket AM5<\/dt>\n<\/dl>\n<\/div>\n<div class=\"col-12 col-md-6\">\n<h3>Especificaciones secundarias<\/h3>\n<dl>\n<dt>N\u00facleo AMD Raphael (Zen 4)<\/dt>\n<dt>Proceso de manufactura 5 nm<\/dt>\n<dt>TDP 65 W<\/dt>\n<dt>Cooler Wraith Stealth<\/dt>\n<dt>Gr\u00e1ficos integrados RDNA 2<\/dt>\n<\/dl>\n<\/div>\n<\/div>\n<\/div>\n<\/div>\n<\/div>\n<\/div>\n<\/dt>\n<\/dl>\n<\/div>\n<\/div>","protected":false},"excerpt":{"rendered":"<p>Caracter\u00edsticas Frecuencia 3800 MHz Frecuencia turbo m\u00e1xima 5100 MHz N\u00facleos \/ hilos 6 n\u00facleos \/ 12 hilos Cach\u00e9 6 x<\/p>","protected":false},"featured_media":13132,"template":"","meta":[],"product_brand":[],"product_cat":[79,87],"product_tag":[],"class_list":{"0":"post-13128","1":"product","2":"type-product","3":"status-publish","4":"has-post-thumbnail","6":"product_cat-componentes","7":"product_cat-procesador","9":"first","10":"outofstock","11":"sale","12":"shipping-taxable","13":"purchasable","14":"product-type-simple"},"_links":{"self":[{"href":"https:\/\/darklightpc.cl\/en\/wp-json\/wp\/v2\/product\/13128","targetHints":{"allow":["GET"]}}],"collection":[{"href":"https:\/\/darklightpc.cl\/en\/wp-json\/wp\/v2\/product"}],"about":[{"href":"https:\/\/darklightpc.cl\/en\/wp-json\/wp\/v2\/types\/product"}],"wp:featuredmedia":[{"embeddable":true,"href":"https:\/\/darklightpc.cl\/en\/wp-json\/wp\/v2\/media\/13132"}],"wp:attachment":[{"href":"https:\/\/darklightpc.cl\/en\/wp-json\/wp\/v2\/media?parent=13128"}],"wp:term":[{"taxonomy":"product_brand","embeddable":true,"href":"https:\/\/darklightpc.cl\/en\/wp-json\/wp\/v2\/product_brand?post=13128"},{"taxonomy":"product_cat","embeddable":true,"href":"https:\/\/darklightpc.cl\/en\/wp-json\/wp\/v2\/product_cat?post=13128"},{"taxonomy":"product_tag","embeddable":true,"href":"https:\/\/darklightpc.cl\/en\/wp-json\/wp\/v2\/product_tag?post=13128"}],"curies":[{"name":"wp","href":"https:\/\/api.w.org\/{rel}","templated":true}]}}