{"id":16215,"date":"2024-12-30T23:45:47","date_gmt":"2024-12-31T02:45:47","guid":{"rendered":"https:\/\/darklightpc.cl\/?post_type=product&#038;p=16215"},"modified":"2025-12-17T10:01:19","modified_gmt":"2025-12-17T13:01:19","slug":"amd-ryzen-5-5600gt","status":"publish","type":"product","link":"https:\/\/darklightpc.cl\/en\/product\/amd-ryzen-5-5600gt\/","title":{"rendered":"AMD Ryzen\u2122 5 5600GT"},"content":{"rendered":"<div class=\"field__label\">\n<div class=\"ProductPageDark_product_specs__Fw8eb\">\n<div class=\"col-12 col-md-6\">\n<h3>Caracter\u00edsticas<\/h3>\n<dl>\n<dt>Frecuencia: 3600 MHz<\/dt>\n<dt>Frecuencia turbo m\u00e1xima: 4600 MHz<\/dt>\n<dt>N\u00facleos \/ hilos: 6 n\u00facleos \/ 12 hilos<\/dt>\n<dt>Cach\u00e9: 6 x 512KB L2 \/ 16MB L3<\/dt>\n<dt>Socket: AM4<\/dt>\n<\/dl>\n<\/div>\n<div class=\"col-12 col-md-6\">\n<h3>Especificaciones secundarias<\/h3>\n<dl>\n<dt>N\u00facleo: AMD Cezanne (Zen 3)<\/dt>\n<dt>Proceso de manufactura: 7 nm<\/dt>\n<dt>TDP: 65 W<\/dt>\n<dt>Cooler: Wraith Stealth<\/dt>\n<dt>Gr\u00e1ficos integrados: Radeon Vega 7<\/dt>\n<\/dl>\n<\/div>\n<\/div>\n<\/div>","protected":false},"excerpt":{"rendered":"<p>Caracter\u00edsticas Frecuencia: 3600 MHz Frecuencia turbo m\u00e1xima: 4600 MHz N\u00facleos \/ hilos: 6 n\u00facleos \/ 12 hilos Cach\u00e9: 6 x<\/p>","protected":false},"featured_media":8378,"template":"","meta":[],"product_brand":[],"product_cat":[87],"product_tag":[],"class_list":{"0":"post-16215","1":"product","2":"type-product","3":"status-publish","4":"has-post-thumbnail","6":"product_cat-procesador","8":"first","9":"outofstock","10":"sale","11":"shipping-taxable","12":"purchasable","13":"product-type-simple"},"_links":{"self":[{"href":"https:\/\/darklightpc.cl\/en\/wp-json\/wp\/v2\/product\/16215","targetHints":{"allow":["GET"]}}],"collection":[{"href":"https:\/\/darklightpc.cl\/en\/wp-json\/wp\/v2\/product"}],"about":[{"href":"https:\/\/darklightpc.cl\/en\/wp-json\/wp\/v2\/types\/product"}],"wp:featuredmedia":[{"embeddable":true,"href":"https:\/\/darklightpc.cl\/en\/wp-json\/wp\/v2\/media\/8378"}],"wp:attachment":[{"href":"https:\/\/darklightpc.cl\/en\/wp-json\/wp\/v2\/media?parent=16215"}],"wp:term":[{"taxonomy":"product_brand","embeddable":true,"href":"https:\/\/darklightpc.cl\/en\/wp-json\/wp\/v2\/product_brand?post=16215"},{"taxonomy":"product_cat","embeddable":true,"href":"https:\/\/darklightpc.cl\/en\/wp-json\/wp\/v2\/product_cat?post=16215"},{"taxonomy":"product_tag","embeddable":true,"href":"https:\/\/darklightpc.cl\/en\/wp-json\/wp\/v2\/product_tag?post=16215"}],"curies":[{"name":"wp","href":"https:\/\/api.w.org\/{rel}","templated":true}]}}