{"id":17390,"date":"2025-09-12T01:34:12","date_gmt":"2025-09-12T04:34:12","guid":{"rendered":"https:\/\/darklightpc.cl\/?post_type=product&#038;p=17390"},"modified":"2026-01-05T23:16:55","modified_gmt":"2026-01-06T02:16:55","slug":"snow-sleeves-standard-size-dual-matte-100","status":"publish","type":"product","link":"https:\/\/darklightpc.cl\/en\/product\/snow-sleeves-standard-size-dual-matte-100\/","title":{"rendered":"Snow Sleeves Standard Size Dual Matte (100)"},"content":{"rendered":"<div id=\"product-description-short-513\">\n<ul>\n<li>Protectores de polipropileno sin PVC, sin \u00e1cido. Seguro para almacenar.<\/li>\n<li>120 \u03bcm de grosor de alta calidad.<\/li>\n<li>Para cartas de tama\u00f1o est\u00e1ndar de hasta 88x63mm.<\/li>\n<li>100 protectores por caja.<\/li>\n<li>Cada caja tiene una etiqueta impresa para etiquetar tus mazos favoritos.<\/li>\n<li>Todas las cajas est\u00e1n hechas de cart\u00f3n resistente con ilustraciones originales de dragones.<\/li>\n<li>El dise\u00f1o de la caja se adapta a m\u00e1s de 75 cartas de juego, incluidos los protectores para un f\u00e1cil almacenamiento de sus mazos.<\/li>\n<\/ul>\n<\/div>","protected":false},"excerpt":{"rendered":"<p>Protectores de polipropileno sin PVC, sin \u00e1cido. Seguro para almacenar. 120 \u03bcm de grosor de alta calidad. Para cartas de<\/p>","protected":false},"featured_media":17391,"template":"","meta":[],"product_brand":[],"product_cat":[120,121],"product_tag":[],"class_list":{"0":"post-17390","1":"product","2":"type-product","3":"status-publish","4":"has-post-thumbnail","6":"product_cat-accesorios","7":"product_cat-protectores","9":"first","10":"instock","11":"shipping-taxable","12":"purchasable","13":"product-type-simple"},"_links":{"self":[{"href":"https:\/\/darklightpc.cl\/en\/wp-json\/wp\/v2\/product\/17390","targetHints":{"allow":["GET"]}}],"collection":[{"href":"https:\/\/darklightpc.cl\/en\/wp-json\/wp\/v2\/product"}],"about":[{"href":"https:\/\/darklightpc.cl\/en\/wp-json\/wp\/v2\/types\/product"}],"wp:featuredmedia":[{"embeddable":true,"href":"https:\/\/darklightpc.cl\/en\/wp-json\/wp\/v2\/media\/17391"}],"wp:attachment":[{"href":"https:\/\/darklightpc.cl\/en\/wp-json\/wp\/v2\/media?parent=17390"}],"wp:term":[{"taxonomy":"product_brand","embeddable":true,"href":"https:\/\/darklightpc.cl\/en\/wp-json\/wp\/v2\/product_brand?post=17390"},{"taxonomy":"product_cat","embeddable":true,"href":"https:\/\/darklightpc.cl\/en\/wp-json\/wp\/v2\/product_cat?post=17390"},{"taxonomy":"product_tag","embeddable":true,"href":"https:\/\/darklightpc.cl\/en\/wp-json\/wp\/v2\/product_tag?post=17390"}],"curies":[{"name":"wp","href":"https:\/\/api.w.org\/{rel}","templated":true}]}}