{"id":18550,"date":"2026-03-17T16:34:06","date_gmt":"2026-03-17T19:34:06","guid":{"rendered":"https:\/\/darklightpc.cl\/?post_type=product&#038;p=18550"},"modified":"2026-04-17T22:33:16","modified_gmt":"2026-04-18T02:33:16","slug":"abono-50-elite-trainer-box-chaos-rising","status":"publish","type":"product","link":"https:\/\/darklightpc.cl\/en\/product\/abono-50-elite-trainer-box-chaos-rising\/","title":{"rendered":"\u00abAbono 50%\u00bb Elite Trainer Box Chaos Rising"},"content":{"rendered":"<div id=\"product-description-short-513\">\n<p><strong>CONTENIDO<\/strong><\/p>\n<ul>\n<li>9 Booster Packs de Perfect Order Pok\u00e9mon TCG.<\/li>\n<li>1 Carta promocional hologr\u00e1fica con arte completo.<\/li>\n<li>65 Fundas para cartas.<\/li>\n<li>6 Dados contadores de da\u00f1o.<\/li>\n<li>1 Moneda de pl\u00e1stico.<\/li>\n<li>40 Cartas de Energ\u00eda de Pok\u00e9mon TCG.<\/li>\n<li>Una gu\u00eda del jugador para la expansi\u00f3n.<\/li>\n<li>Una caja de coleccionista para guardarlo todo, con 6 separadores para mantenerlo organizado.<\/li>\n<li>Una tarjeta de c\u00f3digo para Pok\u00e9mon Trading Card Game Live.<\/li>\n<\/ul>\n<p>&nbsp;<\/p>\n<p>Este producto est\u00e1 disponible en <strong data-start=\"1055\" data-end=\"1067\">RESERVA<\/strong>. Est\u00e1s comprando un abono del 50% del valor total del Elite Trainer Box Chaos Rising. Tendr\u00e1s hasta <strong>5\u00a0d\u00edas <\/strong>luego del lanzamiento oficial de la edici\u00f3n para hacer el pago del 50% restante del valor total ($59.990 o $61.990) seg\u00fan el idioma seleccionado, es decir deber\u00e1s pagar los $29.995 o $30.995. Este abono es solo para asegurar stock y corresponde a un compromiso de pago.<\/p>\n<p>&nbsp;<\/p>\n<p><em><strong>Este valor abonado, no es reembolsable ni se puede dejar como cr\u00e9dito en tienda, cualquier duda consultarnos directamente.<\/strong><\/em><\/p>\n<p>La fecha de\u00a0<strong>LANZAMIENTO<\/strong> es el <strong>22 de MAYO 2026<\/strong>, la fecha de llegada puede variar dependiendo de cambios o retrasos del distribuidor.<\/p>\n<\/div>","protected":false},"excerpt":{"rendered":"<p>CONTENIDO 9 Booster Packs de Perfect Order Pok\u00e9mon TCG. 1 Carta promocional hologr\u00e1fica con arte completo. 65 Fundas para cartas.<\/p>","protected":false},"featured_media":18551,"template":"","meta":[],"product_brand":[],"product_cat":[127,115],"product_tag":[],"class_list":{"0":"post-18550","1":"product","2":"type-product","3":"status-publish","4":"has-post-thumbnail","6":"product_cat-preventas","7":"product_cat-tcg","9":"first","10":"instock","11":"shipping-taxable","12":"purchasable","13":"product-type-variable"},"_links":{"self":[{"href":"https:\/\/darklightpc.cl\/en\/wp-json\/wp\/v2\/product\/18550","targetHints":{"allow":["GET"]}}],"collection":[{"href":"https:\/\/darklightpc.cl\/en\/wp-json\/wp\/v2\/product"}],"about":[{"href":"https:\/\/darklightpc.cl\/en\/wp-json\/wp\/v2\/types\/product"}],"wp:featuredmedia":[{"embeddable":true,"href":"https:\/\/darklightpc.cl\/en\/wp-json\/wp\/v2\/media\/18551"}],"wp:attachment":[{"href":"https:\/\/darklightpc.cl\/en\/wp-json\/wp\/v2\/media?parent=18550"}],"wp:term":[{"taxonomy":"product_brand","embeddable":true,"href":"https:\/\/darklightpc.cl\/en\/wp-json\/wp\/v2\/product_brand?post=18550"},{"taxonomy":"product_cat","embeddable":true,"href":"https:\/\/darklightpc.cl\/en\/wp-json\/wp\/v2\/product_cat?post=18550"},{"taxonomy":"product_tag","embeddable":true,"href":"https:\/\/darklightpc.cl\/en\/wp-json\/wp\/v2\/product_tag?post=18550"}],"curies":[{"name":"wp","href":"https:\/\/api.w.org\/{rel}","templated":true}]}}