{"id":18582,"date":"2026-03-23T18:59:57","date_gmt":"2026-03-23T21:59:57","guid":{"rendered":"https:\/\/darklightpc.cl\/?post_type=product&#038;p=18582"},"modified":"2026-03-23T19:14:41","modified_gmt":"2026-03-23T22:14:41","slug":"preventa-mega-clefable-ex-tin-ingles","status":"publish","type":"product","link":"https:\/\/darklightpc.cl\/en\/product\/preventa-mega-clefable-ex-tin-ingles\/","title":{"rendered":"\u00abPreventa\u00bb Mega Clefable ex Tin &#8211; Ingl\u00e9s"},"content":{"rendered":"<div id=\"product-description-short-513\">\n<p><strong>CONTENIDO<\/strong><\/p>\n<ul>\n<li>1 Carta promo hologr\u00e1fica de Mega Clefable Ex.<\/li>\n<li>4 Sobres de refuerzo de Pok\u00e9mon TCG.<\/li>\n<li>1 Carta con c\u00f3digo para Pok\u00e9mon TCG Live.<\/li>\n<\/ul>\n<p>&nbsp;<\/p>\n<p>La fecha de\u00a0<strong>LANZAMIENTO<\/strong> es el 5<strong> de JUNIO 2026<\/strong>, la fecha de llegada puede variar dependiendo de cambios o retrasos del distribuidor.<\/p>\n<p>&nbsp;<\/p>\n<p>&nbsp;<\/p>\n<\/div>","protected":false},"excerpt":{"rendered":"<p>CONTENIDO 1 Carta promo hologr\u00e1fica de Mega Clefable Ex. 4 Sobres de refuerzo de Pok\u00e9mon TCG. 1 Carta con c\u00f3digo<\/p>","protected":false},"featured_media":18583,"template":"","meta":[],"product_brand":[],"product_cat":[127,115],"product_tag":[],"class_list":{"0":"post-18582","1":"product","2":"type-product","3":"status-publish","4":"has-post-thumbnail","6":"product_cat-preventas","7":"product_cat-tcg","9":"first","10":"instock","11":"shipping-taxable","12":"purchasable","13":"product-type-simple"},"_links":{"self":[{"href":"https:\/\/darklightpc.cl\/en\/wp-json\/wp\/v2\/product\/18582","targetHints":{"allow":["GET"]}}],"collection":[{"href":"https:\/\/darklightpc.cl\/en\/wp-json\/wp\/v2\/product"}],"about":[{"href":"https:\/\/darklightpc.cl\/en\/wp-json\/wp\/v2\/types\/product"}],"wp:featuredmedia":[{"embeddable":true,"href":"https:\/\/darklightpc.cl\/en\/wp-json\/wp\/v2\/media\/18583"}],"wp:attachment":[{"href":"https:\/\/darklightpc.cl\/en\/wp-json\/wp\/v2\/media?parent=18582"}],"wp:term":[{"taxonomy":"product_brand","embeddable":true,"href":"https:\/\/darklightpc.cl\/en\/wp-json\/wp\/v2\/product_brand?post=18582"},{"taxonomy":"product_cat","embeddable":true,"href":"https:\/\/darklightpc.cl\/en\/wp-json\/wp\/v2\/product_cat?post=18582"},{"taxonomy":"product_tag","embeddable":true,"href":"https:\/\/darklightpc.cl\/en\/wp-json\/wp\/v2\/product_tag?post=18582"}],"curies":[{"name":"wp","href":"https:\/\/api.w.org\/{rel}","templated":true}]}}