{"id":8576,"date":"2022-06-17T23:07:22","date_gmt":"2022-06-18T03:07:22","guid":{"rendered":"https:\/\/darklightpc.cl\/?post_type=product&#038;p=8576"},"modified":"2025-08-10T22:32:42","modified_gmt":"2025-08-11T02:32:42","slug":"amd-ryzen-5-5600x","status":"publish","type":"product","link":"https:\/\/darklightpc.cl\/en\/product\/amd-ryzen-5-5600x\/","title":{"rendered":"AMD Ryzen\u2122 5 5600X"},"content":{"rendered":"<div class=\"field__label\">\n<div class=\"field field--name-platform field--type-list-string field--label-inline\">\n<div class=\"field__label\">Plataforma: Boxed Processor<\/div>\n<\/div>\n<div class=\"field field--name-product-type field--type-entity-reference field--label-inline\">\n<div class=\"field__label\">Familia de productos: AMD Ryzen\u2122 Processors<\/div>\n<\/div>\n<div class=\"field field--name-product-type field--type-entity-reference field--label-inline\">\n<div class=\"field__label\">L\u00ednea de productos: AMD Ryzen\u2122 5 Desktop Processors<\/div>\n<\/div>\n<div class=\"field field--name-field-cpu-core-count field--type-integer field--label-inline\">\n<div class=\"field__label\">N.\u00b0 de n\u00facleos de CPU: 6<\/div>\n<\/div>\n<div class=\"field field--name-field-thread-count field--type-integer field--label-inline\">\n<div class=\"field__label\">N.\u00b0 de subprocesos: 12<\/div>\n<\/div>\n<div class=\"field field--name-field-max-cpu-clock-speed field--type-integer field--label-inline\">\n<div class=\"field__label data-spec-footnote-MROM-001\">Reloj de aumento m\u00e1x.: Hasta 4.6GHz<\/div>\n<\/div>\n<div class=\"field field--name-field-cpu-clock-speed field--type-integer field--label-inline\">\n<div class=\"field__label\">Reloj base:3.7GHz<\/div>\n<\/div>\n<div class=\"field field--name-field-total-l2-cache field--type-integer field--label-inline\">\n<div class=\"field__label\">Cach\u00e9 L2 total: 3MB<\/div>\n<\/div>\n<div class=\"field field--name-field-total-l3-cache field--type-integer field--label-inline\">\n<div class=\"field__label\">Cach\u00e9 L3 total:32MB<\/div>\n<\/div>\n<div class=\"field field--name-field-default-tdp field--type-string field--label-inline\">\n<div class=\"field__label\">TDP\/TDP predeterminado: 65W<\/div>\n<\/div>\n<div class=\"field field--name-field-ctdp field--type-string field--label-inline\">\n<div class=\"field__label\">AMD Configurable TDP (cTDP): 45-65W<\/div>\n<\/div>\n<div class=\"field field--name-field-cmos field--type-list-string field--label-inline\">\n<div class=\"field__label\">Processor Technology for CPU Cores: TSMC 7nm FinFET<\/div>\n<\/div>\n<div class=\"field field--name-field-unlocked field--type-list-string field--label-inline\">\n<div class=\"field__label data-spec-footnote-GD-26\">Desbloqueados : <button class=\"spec-footnote-link\" style=\"box-sizing: border-box; margin: 0px; padding: 0px; color: #0070c9; font: inherit; overflow: visible; text-transform: none; appearance: button; cursor: pointer; background-color: transparent; text-decoration: none; transition: all 0.2s ease 0s; border: none !important;\" title=\"\" data-toggle=\"tooltip\" data-delay=\"{&quot;hide&quot;: 500}\" data-html=\"true\" data-placement=\"bottom\" data-original-title=\"&lt;p&gt;La garant\u00eda del producto AMD no cubre los da\u00f1os ocasionados por overclocking, incluso si esta funci\u00f3n se activa mediante hardware o software de AMD. GD-26.&lt;\/p&gt;\"><i class=\"fas fa-info-circle\"><\/i><\/button>S\u00ed<\/div>\n<\/div>\n<div class=\"field field--name-field-socket field--type-list-string field--label-inline\">\n<div class=\"field__label\">Paquete: AM4<\/div>\n<\/div>\n<div class=\"field field--name-field-thermal-solution field--type-string field--label-inline\">\n<div class=\"field__label\">Soluci\u00f3n t\u00e9rmica: Wraith Stealth<\/div>\n<\/div>\n<div class=\"field field--name-field-max-temps field--type-decimal field--label-inline\">\n<div class=\"field__label\">Temp. m\u00e1x.: 95\u00b0C<\/div>\n<\/div>\n<\/div>","protected":false},"excerpt":{"rendered":"<p>Plataforma: Boxed Processor Familia de productos: AMD Ryzen\u2122 Processors L\u00ednea de productos: AMD Ryzen\u2122 5 Desktop Processors N.\u00b0 de n\u00facleos<\/p>","protected":false},"featured_media":8378,"template":"","meta":[],"product_brand":[],"product_cat":[87],"product_tag":[],"class_list":{"0":"post-8576","1":"product","2":"type-product","3":"status-publish","4":"has-post-thumbnail","6":"product_cat-procesador","8":"first","9":"outofstock","10":"sale","11":"shipping-taxable","12":"purchasable","13":"product-type-simple"},"_links":{"self":[{"href":"https:\/\/darklightpc.cl\/en\/wp-json\/wp\/v2\/product\/8576","targetHints":{"allow":["GET"]}}],"collection":[{"href":"https:\/\/darklightpc.cl\/en\/wp-json\/wp\/v2\/product"}],"about":[{"href":"https:\/\/darklightpc.cl\/en\/wp-json\/wp\/v2\/types\/product"}],"wp:featuredmedia":[{"embeddable":true,"href":"https:\/\/darklightpc.cl\/en\/wp-json\/wp\/v2\/media\/8378"}],"wp:attachment":[{"href":"https:\/\/darklightpc.cl\/en\/wp-json\/wp\/v2\/media?parent=8576"}],"wp:term":[{"taxonomy":"product_brand","embeddable":true,"href":"https:\/\/darklightpc.cl\/en\/wp-json\/wp\/v2\/product_brand?post=8576"},{"taxonomy":"product_cat","embeddable":true,"href":"https:\/\/darklightpc.cl\/en\/wp-json\/wp\/v2\/product_cat?post=8576"},{"taxonomy":"product_tag","embeddable":true,"href":"https:\/\/darklightpc.cl\/en\/wp-json\/wp\/v2\/product_tag?post=8576"}],"curies":[{"name":"wp","href":"https:\/\/api.w.org\/{rel}","templated":true}]}}