{"id":8781,"date":"2022-08-11T18:29:39","date_gmt":"2022-08-11T22:29:39","guid":{"rendered":"https:\/\/darklightpc.cl\/?post_type=product&#038;p=8781"},"modified":"2025-12-05T01:18:30","modified_gmt":"2025-12-05T04:18:30","slug":"amd-ryzen-7-5700x","status":"publish","type":"product","link":"https:\/\/darklightpc.cl\/en\/product\/amd-ryzen-7-5700x\/","title":{"rendered":"AMD Ryzen\u2122 7 5700X"},"content":{"rendered":"<div class=\"field__label\">\n<div class=\"field field--name-platform field--type-list-string field--label-inline\">\n<div class=\"field__label\">\n<div class=\"field field--name-platform field--type-list-string field--label-inline\">\n<div class=\"field__label\">Familia de productos: AMD Ryzen\u2122 Processors<\/div>\n<\/div>\n<div class=\"field field--name-product-type field--type-entity-reference field--label-inline\">\n<div class=\"field__label\">L\u00ednea de productos: AMD Ryzen\u2122 7 Desktop Processors<\/div>\n<\/div>\n<div class=\"field field--name-field-cpu-core-count field--type-integer field--label-inline\">\n<div class=\"field__label\"># de n\u00facleos de CPU: 8<\/div>\n<\/div>\n<div class=\"field field--name-field-thread-count field--type-integer field--label-inline\">\n<div class=\"field__label\"># de hilos: 16<\/div>\n<\/div>\n<div class=\"field field--name-field-max-cpu-clock-speed field--type-integer field--label-inline\">\n<div class=\"field__label data-spec-footnote-MROM-001\">Reloj de aumento m\u00e1x. : <button class=\"spec-footnote-link\" style=\"box-sizing: border-box; margin: 0px; padding: 0px; color: #0070c9; font: inherit; overflow: visible; text-transform: none; appearance: button; cursor: pointer; background-color: transparent; text-decoration: none; transition: all 0.2s ease 0s; border: none !important;\" title=\"\" data-toggle=\"tooltip\" data-delay=\"{&quot;hide&quot;: 500}\" data-html=\"true\" data-placement=\"bottom\" data-original-title=\"&lt;p&gt;El aumento m\u00e1ximo en los procesadores AMD Ryzen corresponde a la frecuencia m\u00e1xima que un solo n\u00facleo de procesador puede alcanzar cuando ejecuta una carga de trabajo de un solo proceso a r\u00e1fagas. El aumento m\u00e1ximo variar\u00e1 en funci\u00f3n de diferentes factores, incluidos, entre otros: la pasta t\u00e9rmica; el sistema de refrigeraci\u00f3n; el dise\u00f1o y la BIOS de la motherboard; el \u00faltimo controlador del chipset de AMD; las \u00faltimas actualizaciones del sistema operativo. &lt;a data-entity-substitution=&quot;canonical&quot; data-entity-type=&quot;node&quot; data-entity-uuid=&quot;c4beaec9-ef7b-4cec-81ec-8a7455195d9b&quot; href=&quot;\/es\/support\/kb\/faq\/cpu-pb2&quot; title=&quot;Tecnolog\u00eda AMD Ryzen\u2122: mejora de rendimiento con Precision Boost 2&quot;&gt;Obtenga m\u00e1s informaci\u00f3n&lt;\/a&gt;.&lt;\/p&gt;\"><i class=\"fas fa-info-circle\"><\/i><\/button>Hasta 4.6GHz<\/div>\n<\/div>\n<div class=\"field field--name-field-cpu-clock-speed field--type-integer field--label-inline\">\n<div class=\"field__label\">Reloj base: 3.4GHz<\/div>\n<\/div>\n<div class=\"field field--name-field-total-l1-cache field--type-integer field--label-inline\">\n<div class=\"field__label\">Cach\u00e9 L1 total: 512KB<\/div>\n<\/div>\n<div class=\"field field--name-field-total-l2-cache field--type-integer field--label-inline\">\n<div class=\"field__label\">Cach\u00e9 L2 total: 4MB<\/div>\n<\/div>\n<div class=\"field field--name-field-total-l3-cache field--type-integer field--label-inline\">\n<div class=\"field__label\">Cach\u00e9 L3 total: 32MB<\/div>\n<\/div>\n<div class=\"field field--name-field-default-tdp field--type-string field--label-inline\">\n<div class=\"field__label data-spec-footnote-ROM-06a\">TDP\/TDP predeterminado: 65W<\/div>\n<\/div>\n<div class=\"field field--name-field-cmos field--type-list-string field--label-inline\">\n<div class=\"field__label\">Processor Technology for CPU Cores: TSMC 7nm FinFET<\/div>\n<\/div>\n<div class=\"field field--name-field-unlocked field--type-list-string field--label-inline\">\n<div class=\"field__label data-spec-footnote-GD-26\">Desbloqueados : <button class=\"spec-footnote-link\" style=\"box-sizing: border-box; margin: 0px; padding: 0px; color: #0070c9; font: inherit; overflow: visible; text-transform: none; appearance: button; cursor: pointer; background-color: transparent; text-decoration: none; transition: all 0.2s ease 0s; border: none !important;\" title=\"\" data-toggle=\"tooltip\" data-delay=\"{&quot;hide&quot;: 500}\" data-html=\"true\" data-placement=\"bottom\" data-original-title=\"&lt;p&gt;La garant\u00eda del producto AMD no cubre los da\u00f1os ocasionados por overclocking, incluso si esta funci\u00f3n se activa mediante hardware o software de AMD. GD-26.&lt;\/p&gt;\"><i class=\"fas fa-info-circle\"><\/i><\/button>S\u00ed<\/div>\n<\/div>\n<div class=\"field field--name-field-socket field--type-list-string field--label-inline\">\n<div class=\"field__label\">CPU Socket: AM4<\/div>\n<\/div>\n<div class=\"field field--name-field-socket-count field--type-list-string field--label-inline\">\n<div class=\"field__label\">N\u00famero de sockets: 1P<\/div>\n<\/div>\n<div class=\"field field--name-field-thermal-solution field--type-string field--label-inline\">\n<div class=\"field__label\">Soluci\u00f3n t\u00e9rmica (PIB): Not included<\/div>\n<\/div>\n<div class=\"field field--name-field-max-temps field--type-decimal field--label-inline\">\n<div class=\"field__label\">Temp. m\u00e1x.: 90\u00b0C<\/div>\n<\/div>\n<div class=\"field field--name-field-launch-date-new field--type-datetime field--label-inline\">\n<div class=\"field__label\"><\/div>\n<\/div>\n<\/div>\n<\/div>\n<div class=\"field field--name-field-launch-date field--type-string field--label-inline\">\n<div class=\"field__label\"><\/div>\n<\/div>\n<\/div>","protected":false},"excerpt":{"rendered":"<p>Familia de productos: AMD Ryzen\u2122 Processors L\u00ednea de productos: AMD Ryzen\u2122 7 Desktop Processors # de n\u00facleos de CPU: 8<\/p>","protected":false},"featured_media":8794,"template":"","meta":[],"product_brand":[],"product_cat":[79,87],"product_tag":[],"class_list":{"0":"post-8781","1":"product","2":"type-product","3":"status-publish","4":"has-post-thumbnail","6":"product_cat-componentes","7":"product_cat-procesador","9":"first","10":"outofstock","11":"sale","12":"shipping-taxable","13":"purchasable","14":"product-type-simple"},"_links":{"self":[{"href":"https:\/\/darklightpc.cl\/en\/wp-json\/wp\/v2\/product\/8781","targetHints":{"allow":["GET"]}}],"collection":[{"href":"https:\/\/darklightpc.cl\/en\/wp-json\/wp\/v2\/product"}],"about":[{"href":"https:\/\/darklightpc.cl\/en\/wp-json\/wp\/v2\/types\/product"}],"wp:featuredmedia":[{"embeddable":true,"href":"https:\/\/darklightpc.cl\/en\/wp-json\/wp\/v2\/media\/8794"}],"wp:attachment":[{"href":"https:\/\/darklightpc.cl\/en\/wp-json\/wp\/v2\/media?parent=8781"}],"wp:term":[{"taxonomy":"product_brand","embeddable":true,"href":"https:\/\/darklightpc.cl\/en\/wp-json\/wp\/v2\/product_brand?post=8781"},{"taxonomy":"product_cat","embeddable":true,"href":"https:\/\/darklightpc.cl\/en\/wp-json\/wp\/v2\/product_cat?post=8781"},{"taxonomy":"product_tag","embeddable":true,"href":"https:\/\/darklightpc.cl\/en\/wp-json\/wp\/v2\/product_tag?post=8781"}],"curies":[{"name":"wp","href":"https:\/\/api.w.org\/{rel}","templated":true}]}}